{"id":16,"date":"2026-04-15T20:12:06","date_gmt":"2026-04-15T20:12:06","guid":{"rendered":"http:\/\/latelier-mieux-etre.fr\/?page_id=16"},"modified":"2026-04-16T11:34:09","modified_gmt":"2026-04-16T11:34:09","slug":"latelier-mieux-etre","status":"publish","type":"page","link":"https:\/\/latelier-mieux-etre.fr\/","title":{"rendered":"Accueil"},"content":{"rendered":"\n<p class=\"is-style-default\">Mon site est en construction&#8230;<\/p>\n\n\n\n<p>En attendant, vous pouvez me joindre pour :<\/p>\n\n\n\n<ul class=\"wp-block-list\">\n<li>des ateliers de sophrologie, individuels ou en groupe, en pr\u00e9sentiel ou en ligne,<\/li>\n\n\n\n<li>des formations pour les entreprises qui ont \u00e0 coeur le &#8220;bien-vivre ensemble&#8221;,<\/li>\n\n\n\n<li>des formations pour les aidants, les soignants, pour qu&#8217;ils gardent leur belle sant\u00e9, leur \u00e9nergie positive et leur sourire lumineux, <\/li>\n\n\n\n<li>des s\u00e9ances de massages bien-\u00eatre pour tous, tous les \u00e2ges, toutes les conditions (compatibles).<\/li>\n<\/ul>\n\n\n\n<p>&#8220;<em>Puisse chacun trouver son bien-\u00eatre&#8230;<\/em>&#8221; &#8211; Claudine<\/p>\n","protected":false},"excerpt":{"rendered":"<p>Mon site est en construction&#8230; En attendant, vous pouvez me joindre pour : &#8220;Puisse chacun trouver son bien-\u00eatre&#8230;&#8221; &#8211; Claudine<\/p>\n","protected":false},"author":1,"featured_media":21,"parent":0,"menu_order":0,"comment_status":"closed","ping_status":"closed","template":"","meta":{"footnotes":""},"class_list":["post-16","page","type-page","status-publish","has-post-thumbnail","hentry"],"_links":{"self":[{"href":"https:\/\/latelier-mieux-etre.fr\/index.php\/wp-json\/wp\/v2\/pages\/16","targetHints":{"allow":["GET"]}}],"collection":[{"href":"https:\/\/latelier-mieux-etre.fr\/index.php\/wp-json\/wp\/v2\/pages"}],"about":[{"href":"https:\/\/latelier-mieux-etre.fr\/index.php\/wp-json\/wp\/v2\/types\/page"}],"author":[{"embeddable":true,"href":"https:\/\/latelier-mieux-etre.fr\/index.php\/wp-json\/wp\/v2\/users\/1"}],"replies":[{"embeddable":true,"href":"https:\/\/latelier-mieux-etre.fr\/index.php\/wp-json\/wp\/v2\/comments?post=16"}],"version-history":[{"count":12,"href":"https:\/\/latelier-mieux-etre.fr\/index.php\/wp-json\/wp\/v2\/pages\/16\/revisions"}],"predecessor-version":[{"id":41,"href":"https:\/\/latelier-mieux-etre.fr\/index.php\/wp-json\/wp\/v2\/pages\/16\/revisions\/41"}],"wp:featuredmedia":[{"embeddable":true,"href":"https:\/\/latelier-mieux-etre.fr\/index.php\/wp-json\/wp\/v2\/media\/21"}],"wp:attachment":[{"href":"https:\/\/latelier-mieux-etre.fr\/index.php\/wp-json\/wp\/v2\/media?parent=16"}],"curies":[{"name":"wp","href":"https:\/\/api.w.org\/{rel}","templated":true}]}}